{"id":45,"date":"2013-06-20T14:26:27","date_gmt":"2013-06-20T14:26:27","guid":{"rendered":"http:\/\/http:\/\/www.banqueteria.cl\/?page_id=45"},"modified":"2024-04-05T18:58:41","modified_gmt":"2024-04-05T18:58:41","slug":"bienvenido-a-banqueteria-s-a","status":"publish","type":"page","link":"https:\/\/www.banqueteria.cl\/","title":{"rendered":"Bienvenido a Banqueteria S.A."},"content":{"rendered":"<p>[et_pb_section fb_built=&#8221;1&#8243; fullwidth=&#8221;on&#8221; _builder_version=&#8221;4.16&#8243; global_colors_info=&#8221;{}&#8221;][et_pb_fullwidth_slider _builder_version=&#8221;4.16&#8243; background_position=&#8221;top_left&#8221; custom_padding=&#8221;200px||200px|&#8221; custom_padding_tablet=&#8221;|||&#8221; auto=&#8221;on&#8221; auto_speed=&#8221;3000&#8243; global_colors_info=&#8221;{}&#8221; button_text_size__hover_enabled=&#8221;off&#8221; button_text_size__hover=&#8221;null&#8221; button_one_text_size__hover_enabled=&#8221;off&#8221; button_one_text_size__hover=&#8221;null&#8221; button_two_text_size__hover_enabled=&#8221;off&#8221; button_two_text_size__hover=&#8221;null&#8221; button_text_color__hover_enabled=&#8221;off&#8221; button_text_color__hover=&#8221;null&#8221; button_one_text_color__hover_enabled=&#8221;off&#8221; button_one_text_color__hover=&#8221;null&#8221; button_two_text_color__hover_enabled=&#8221;off&#8221; button_two_text_color__hover=&#8221;null&#8221; button_border_width__hover_enabled=&#8221;off&#8221; button_border_width__hover=&#8221;null&#8221; button_one_border_width__hover_enabled=&#8221;off&#8221; button_one_border_width__hover=&#8221;null&#8221; button_two_border_width__hover_enabled=&#8221;off&#8221; button_two_border_width__hover=&#8221;null&#8221; button_border_color__hover_enabled=&#8221;off&#8221; button_border_color__hover=&#8221;null&#8221; button_one_border_color__hover_enabled=&#8221;off&#8221; button_one_border_color__hover=&#8221;null&#8221; button_two_border_color__hover_enabled=&#8221;off&#8221; button_two_border_color__hover=&#8221;null&#8221; button_border_radius__hover_enabled=&#8221;off&#8221; button_border_radius__hover=&#8221;null&#8221; button_one_border_radius__hover_enabled=&#8221;off&#8221; button_one_border_radius__hover=&#8221;null&#8221; button_two_border_radius__hover_enabled=&#8221;off&#8221; button_two_border_radius__hover=&#8221;null&#8221; button_letter_spacing__hover_enabled=&#8221;on&#8221; button_letter_spacing__hover=&#8221;0&#8243; button_one_letter_spacing__hover_enabled=&#8221;off&#8221; button_one_letter_spacing__hover=&#8221;null&#8221; button_two_letter_spacing__hover_enabled=&#8221;off&#8221; button_two_letter_spacing__hover=&#8221;null&#8221; button_bg_color__hover_enabled=&#8221;off&#8221; button_bg_color__hover=&#8221;null&#8221; button_one_bg_color__hover_enabled=&#8221;off&#8221; button_one_bg_color__hover=&#8221;null&#8221; button_two_bg_color__hover_enabled=&#8221;off&#8221; button_two_bg_color__hover=&#8221;null&#8221;][et_pb_slide use_bg_overlay=&#8221;off&#8221; use_text_overlay=&#8221;off&#8221; _builder_version=&#8221;4.16&#8243; header_font=&#8221;||||&#8221; body_font=&#8221;||||&#8221; background_color=&#8221;#ffffff&#8221; background_image=&#8221;http:\/\/www.banqueteria.cl\/wp-content\/uploads\/2013\/06\/Fotolia_83929410_M.jpg&#8221; background_position=&#8221;top_left&#8221; button_on_hover=&#8221;on&#8221; global_colors_info=&#8221;{}&#8221; sticky_transition=&#8221;on&#8221;][\/et_pb_slide][et_pb_slide use_bg_overlay=&#8221;off&#8221; use_text_overlay=&#8221;off&#8221; _builder_version=&#8221;4.16&#8243; header_font=&#8221;||||&#8221; body_font=&#8221;||||&#8221; background_color=&#8221;#ffffff&#8221; background_image=&#8221;http:\/\/www.banqueteria.cl\/wp-content\/uploads\/2015\/06\/19.jpg&#8221; button_icon_placement=&#8221;right&#8221; button_on_hover=&#8221;on&#8221; global_colors_info=&#8221;{}&#8221; sticky_transition=&#8221;on&#8221;][\/et_pb_slide][et_pb_slide use_bg_overlay=&#8221;off&#8221; use_text_overlay=&#8221;off&#8221; _builder_version=&#8221;4.16&#8243; header_font=&#8221;||||&#8221; body_font=&#8221;||||&#8221; background_color=&#8221;#ffffff&#8221; background_image=&#8221;http:\/\/www.banqueteria.cl\/wp-content\/uploads\/2015\/06\/16.jpg&#8221; button_icon_placement=&#8221;right&#8221; button_on_hover=&#8221;on&#8221; global_colors_info=&#8221;{}&#8221; sticky_transition=&#8221;on&#8221;][\/et_pb_slide][et_pb_slide use_bg_overlay=&#8221;off&#8221; use_text_overlay=&#8221;off&#8221; _builder_version=&#8221;4.16&#8243; header_font=&#8221;||||&#8221; body_font=&#8221;||||&#8221; background_color=&#8221;#ffffff&#8221; background_image=&#8221;http:\/\/www.banqueteria.cl\/wp-content\/uploads\/2015\/06\/3.jpg&#8221; button_icon_placement=&#8221;right&#8221; button_on_hover=&#8221;on&#8221; global_colors_info=&#8221;{}&#8221; sticky_transition=&#8221;on&#8221;][\/et_pb_slide][\/et_pb_fullwidth_slider][\/et_pb_section][et_pb_section fb_built=&#8221;1&#8243; custom_padding_last_edited=&#8221;on|desktop&#8221; admin_label=&#8221;section&#8221; _builder_version=&#8221;4.16&#8243; background_color=&#8221;#ffffff&#8221; custom_padding_tablet=&#8221;50px|0|50px|0&#8243; custom_padding_phone=&#8221;&#8221; transparent_background=&#8221;off&#8221; padding_mobile=&#8221;off&#8221; make_fullwidth=&#8221;off&#8221; use_custom_width=&#8221;off&#8221; width_unit=&#8221;on&#8221; global_colors_info=&#8221;{}&#8221;][et_pb_row admin_label=&#8221;row&#8221; _builder_version=&#8221;4.16&#8243; background_size=&#8221;initial&#8221; background_position=&#8221;top_left&#8221; background_repeat=&#8221;repeat&#8221; global_colors_info=&#8221;{}&#8221; column_structure=&#8221;1_2,1_2&#8243;][et_pb_column type=&#8221;1_2&#8243; _builder_version=&#8221;4.16&#8243; custom_padding=&#8221;|||&#8221; global_colors_info=&#8221;{}&#8221; custom_padding__hover=&#8221;|||&#8221;][et_pb_image src=&#8221;http:\/\/www.banqueteria.cl\/wp-content\/uploads\/2013\/06\/Fotolia_118050498_S.jpg&#8221; _builder_version=&#8221;4.24.3&#8243; _module_preset=&#8221;default&#8221; title_text=&#8221;Wedding glasses filled with champagne at banquet&#8221; hover_enabled=&#8221;0&#8243; sticky_enabled=&#8221;0&#8243;][\/et_pb_image][\/et_pb_column][et_pb_column type=&#8221;1_2&#8243; _builder_version=&#8221;4.16&#8243; custom_padding=&#8221;|||&#8221; global_colors_info=&#8221;{}&#8221; custom_padding__hover=&#8221;|||&#8221;][et_pb_text _builder_version=&#8221;4.16&#8243; background_size=&#8221;initial&#8221; background_position=&#8221;top_left&#8221; background_repeat=&#8221;repeat&#8221; use_border_color=&#8221;off&#8221; border_color=&#8221;#ffffff&#8221; border_style=&#8221;solid&#8221; global_colors_info=&#8221;{}&#8221;]<\/p>\n<p>\nBuen gusto, elegancia, calidad y servicio, son sin\u00f3nimos de Banqueter\u00eda S.A. Nos hemos dedicado a la preparaci\u00f3n y decoraci\u00f3n de nuevas opciones gastron\u00f3micas,\u00a0logrando equilibrar el buen gusto,\u00a0la calidad de servicio y un precio atractivo, siendo nuestra gran motivaci\u00f3n poder entregarte el evento que siempre so\u00f1aste.<\/p>\n<p>Desde el a\u00f1o 1999 hasta la fecha, hemos realizado matrimonios, cenas y cocktails corporativos, fiestas tem\u00e1ticas, eventos particulares y sociales, que respaldan una trayectoria que combina un servicio personalizado con una alta calidad gastron\u00f3mica.<\/p>\n<p>Son adem\u00e1s, nuestros clientes -parejas de novios, empresas y particulares- quienes pueden avalar esta trayectoria, siendo ellos a trav\u00e9s de su elecci\u00f3n, quienes lograron disfrutar del evento que siempre so\u00f1aron.<\/p>\n<p>&nbsp;<\/p>\n<p>[\/et_pb_text][\/et_pb_column][\/et_pb_row][\/et_pb_section]<\/p>\n","protected":false},"excerpt":{"rendered":"<p>Buen gusto, elegancia, calidad y servicio, son sin\u00f3nimos de Banqueter\u00eda S.A. Nos hemos dedicado a la preparaci\u00f3n y decoraci\u00f3n de nuevas opciones gastron\u00f3micas,\u00a0logrando equilibrar el buen gusto,\u00a0la calidad de servicio y un precio atractivo, siendo nuestra gran motivaci\u00f3n poder entregarte el evento que siempre so\u00f1aste. Desde el a\u00f1o 1999 hasta la fecha, hemos realizado matrimonios, [&hellip;]<\/p>\n","protected":false},"author":1,"featured_media":0,"parent":0,"menu_order":0,"comment_status":"open","ping_status":"open","template":"","meta":{"_et_pb_use_builder":"on","_et_pb_old_content":"<p>Buen gusto, elegancia, calidad y servicio, son sin\u00f3nimos de Banqueter\u00eda S.A. Nos hemos dedicado a la preparaci\u00f3n y decoraci\u00f3n de nuevas opciones gastron\u00f3micas,\u00a0logrando equilibrar el buen gusto,<img class=\"alignright wp-image-223\" style=\"margin: 15px;\" src=\"http:\/\/www.banqueteria.cl\/wp\/wp-content\/uploads\/2013\/01\/foto1_thumb.jpg\" alt=\"foto1_thumb\" \/><br \/> la calidad de servicio y un precio atractivo, siendo nuestra gran motivaci\u00f3n poder entregarte, el evento que siempre so\u00f1aste.<\/p><p>Desde el a\u00f1o 1999 hasta la fecha, hemos realizado matrimonios, cenas y cocktails corporativos, fiestas tem\u00e1ticas, eventos particulares y sociales, que respaldan una trayectoria que combina un servicio personalizado con una alta calidad gastron\u00f3mica.<\/p><p>Son adem\u00e1s, nuestros clientes -parejas de novios, empresas y particulares- quienes pueden avalar esta trayectoria, siendo ellos a trav\u00e9s de su elecci\u00f3n, quienes lograron disfrutar del evento que siempre so\u00f1aron.<\/p><p>\u00a0<\/p>","_et_gb_content_width":"","footnotes":""},"_links":{"self":[{"href":"https:\/\/www.banqueteria.cl\/index.php?rest_route=\/wp\/v2\/pages\/45"}],"collection":[{"href":"https:\/\/www.banqueteria.cl\/index.php?rest_route=\/wp\/v2\/pages"}],"about":[{"href":"https:\/\/www.banqueteria.cl\/index.php?rest_route=\/wp\/v2\/types\/page"}],"author":[{"embeddable":true,"href":"https:\/\/www.banqueteria.cl\/index.php?rest_route=\/wp\/v2\/users\/1"}],"replies":[{"embeddable":true,"href":"https:\/\/www.banqueteria.cl\/index.php?rest_route=%2Fwp%2Fv2%2Fcomments&post=45"}],"version-history":[{"count":16,"href":"https:\/\/www.banqueteria.cl\/index.php?rest_route=\/wp\/v2\/pages\/45\/revisions"}],"predecessor-version":[{"id":3476,"href":"https:\/\/www.banqueteria.cl\/index.php?rest_route=\/wp\/v2\/pages\/45\/revisions\/3476"}],"wp:attachment":[{"href":"https:\/\/www.banqueteria.cl\/index.php?rest_route=%2Fwp%2Fv2%2Fmedia&parent=45"}],"curies":[{"name":"wp","href":"https:\/\/api.w.org\/{rel}","templated":true}]}}